{"id":15,"date":"2015-07-31T09:05:45","date_gmt":"2015-07-31T07:05:45","guid":{"rendered":"http:\/\/kanowvet.de\/blog\/?page_id=15"},"modified":"2015-07-31T09:05:45","modified_gmt":"2015-07-31T07:05:45","slug":"unsere-produkte","status":"publish","type":"page","link":"https:\/\/www.kanowvet.de\/blog\/unsere-produkte\/","title":{"rendered":"Unsere Produkte"},"content":{"rendered":"<p style=\"text-align: justify;\">Derzeit f\u00fchrt KANOWvet folgende Produkte, die Ihr bequem \u00fcber unseren <a href=\"http:\/\/kanowvet.de\/\" target=\"_blank\"><strong>Online-Shop<\/strong><\/a> bestellen k\u00f6nnt. Per Paketdienstleister kommt alles schnell und einfach zu Euch nach Hause.<\/p>\n<p style=\"text-align: justify;\"><strong>Premium Natur\u00f6le<\/strong><\/p>\n<ul style=\"text-align: justify;\">\n<li>Premium Lein\u00f6l<\/li>\n<li>Premium Hanf\u00f6l<\/li>\n<li>Premium Schwarzk\u00fcmmel\u00f6l<\/li>\n<li>Premium Kokos\u00f6l<\/li>\n<li>Premium KANOWvet-Mix<\/li>\n<li>Premium Leindotter\u00f6l<\/li>\n<li>Premium K\u00fcrbiskern\u00f6l<\/li>\n<\/ul>\n<p style=\"text-align: justify;\"><strong>Premium \u00d6lkuchen und Schrot (hochwertige Protein- und Ballaststoffquelle)<\/strong><\/p>\n<ul>\n<li style=\"text-align: justify;\">Leinsamen-\u00d6lkuchen<\/li>\n<li style=\"text-align: justify;\">Leinsamen-Schrot<\/li>\n<li style=\"text-align: justify;\">K\u00fcrbiskern\u00f6lkuchen<\/li>\n<li style=\"text-align: justify;\">Schwarzk\u00fcmmel-\u00d6lkuchen<\/li>\n<li style=\"text-align: justify;\">Kokos-Leckerlie<\/li>\n<li style=\"text-align: justify;\">Hanf-Leckerlie<\/li>\n<\/ul>\n","protected":false},"excerpt":{"rendered":"<p>Derzeit f\u00fchrt KANOWvet folgende Produkte, die Ihr bequem \u00fcber unseren Online-Shop bestellen k\u00f6nnt. Per Paketdienstleister kommt alles schnell und einfach zu Euch nach Hause. Premium Natur\u00f6le Premium Lein\u00f6l Premium Hanf\u00f6l Premium Schwarzk\u00fcmmel\u00f6l Premium Kokos\u00f6l Premium KANOWvet-Mix Premium Leindotter\u00f6l Premium K\u00fcrbiskern\u00f6l &hellip; <a href=\"https:\/\/www.kanowvet.de\/blog\/unsere-produkte\/\">Weiterlesen <span class=\"meta-nav\">&rarr;<\/span><\/a><\/p>\n","protected":false},"author":2,"featured_media":0,"parent":0,"menu_order":0,"comment_status":"open","ping_status":"open","template":"","meta":{"footnotes":""},"class_list":["post-15","page","type-page","status-publish","hentry"],"_links":{"self":[{"href":"https:\/\/www.kanowvet.de\/blog\/wp-json\/wp\/v2\/pages\/15","targetHints":{"allow":["GET"]}}],"collection":[{"href":"https:\/\/www.kanowvet.de\/blog\/wp-json\/wp\/v2\/pages"}],"about":[{"href":"https:\/\/www.kanowvet.de\/blog\/wp-json\/wp\/v2\/types\/page"}],"author":[{"embeddable":true,"href":"https:\/\/www.kanowvet.de\/blog\/wp-json\/wp\/v2\/users\/2"}],"replies":[{"embeddable":true,"href":"https:\/\/www.kanowvet.de\/blog\/wp-json\/wp\/v2\/comments?post=15"}],"version-history":[{"count":1,"href":"https:\/\/www.kanowvet.de\/blog\/wp-json\/wp\/v2\/pages\/15\/revisions"}],"predecessor-version":[{"id":16,"href":"https:\/\/www.kanowvet.de\/blog\/wp-json\/wp\/v2\/pages\/15\/revisions\/16"}],"wp:attachment":[{"href":"https:\/\/www.kanowvet.de\/blog\/wp-json\/wp\/v2\/media?parent=15"}],"curies":[{"name":"wp","href":"https:\/\/api.w.org\/{rel}","templated":true}]}}